{"id":11934,"date":"2016-05-18T10:04:13","date_gmt":"2016-05-18T10:04:13","guid":{"rendered":"http:\/\/www.itd-al.com\/departamenti-i-burimeve-njerezore\/"},"modified":"2026-02-10T11:09:04","modified_gmt":"2026-02-10T11:09:04","slug":"departamenti-i-burimeve-njerezore","status":"publish","type":"page","link":"https:\/\/www.itd-al.com\/?page_id=11934","title":{"rendered":"Departamenti i  Burimeve  Njer\u00ebzore"},"content":{"rendered":"<p>[et_pb_section fb_built=&#8221;1&#8243; fullwidth=&#8221;on&#8221; admin_label=&#8221;Section&#8221; _builder_version=&#8221;4.16&#8243; global_colors_info=&#8221;{}&#8221;][et_pb_fullwidth_slider admin_label=&#8221;Fullwidth Slider&#8221; _builder_version=&#8221;4.16&#8243; custom_padding=&#8221;400px|||&#8221; custom_padding_tablet=&#8221;|||&#8221; custom_padding_phone=&#8221;|||&#8221; box_shadow_style=&#8221;preset6&#8243; box_shadow_blur=&#8221;10px&#8221; box_shadow_color=&#8221;rgba(0,0,0,0.1)&#8221; top_padding=&#8221;400px&#8221; remove_inner_shadow=&#8221;off&#8221; hide_content_on_mobile=&#8221;off&#8221; hide_cta_on_mobile=&#8221;off&#8221; show_inner_shadow=&#8221;on&#8221; button_letter_spacing_hover=&#8221;0&#8243; global_colors_info=&#8221;{}&#8221; button_text_size__hover_enabled=&#8221;off&#8221; button_one_text_size__hover_enabled=&#8221;off&#8221; button_two_text_size__hover_enabled=&#8221;off&#8221; button_text_color__hover_enabled=&#8221;off&#8221; button_one_text_color__hover_enabled=&#8221;off&#8221; button_two_text_color__hover_enabled=&#8221;off&#8221; button_border_width__hover_enabled=&#8221;off&#8221; button_one_border_width__hover_enabled=&#8221;off&#8221; button_two_border_width__hover_enabled=&#8221;off&#8221; button_border_color__hover_enabled=&#8221;off&#8221; button_one_border_color__hover_enabled=&#8221;off&#8221; button_two_border_color__hover_enabled=&#8221;off&#8221; button_border_radius__hover_enabled=&#8221;off&#8221; button_one_border_radius__hover_enabled=&#8221;off&#8221; button_two_border_radius__hover_enabled=&#8221;off&#8221; button_letter_spacing__hover_enabled=&#8221;on&#8221; button_letter_spacing__hover=&#8221;0&#8243; button_one_letter_spacing__hover_enabled=&#8221;off&#8221; button_two_letter_spacing__hover_enabled=&#8221;off&#8221; button_bg_color__hover_enabled=&#8221;off&#8221; button_one_bg_color__hover_enabled=&#8221;off&#8221; button_two_bg_color__hover_enabled=&#8221;off&#8221;][et_pb_slide use_bg_overlay=&#8221;off&#8221; use_text_overlay=&#8221;off&#8221; _builder_version=&#8221;4.16&#8243; header_font=&#8221;||||&#8221; body_font=&#8221;||||&#8221; background_color=&#8221;#ffffff&#8221; background_image=&#8221;https:\/\/www.itd-al.com\/wp-content\/uploads\/2016\/05\/human-resource-management.jpg&#8221; button_icon_placement=&#8221;right&#8221; button_on_hover=&#8221;on&#8221; global_colors_info=&#8221;{}&#8221; sticky_transition=&#8221;on&#8221; button_text_size__hover_enabled=&#8221;off&#8221; button_one_text_size__hover_enabled=&#8221;off&#8221; button_two_text_size__hover_enabled=&#8221;off&#8221; button_text_color__hover_enabled=&#8221;off&#8221; button_one_text_color__hover_enabled=&#8221;off&#8221; button_two_text_color__hover_enabled=&#8221;off&#8221; button_border_width__hover_enabled=&#8221;off&#8221; button_one_border_width__hover_enabled=&#8221;off&#8221; button_two_border_width__hover_enabled=&#8221;off&#8221; button_border_color__hover_enabled=&#8221;off&#8221; button_one_border_color__hover_enabled=&#8221;off&#8221; button_two_border_color__hover_enabled=&#8221;off&#8221; button_border_radius__hover_enabled=&#8221;off&#8221; button_one_border_radius__hover_enabled=&#8221;off&#8221; button_two_border_radius__hover_enabled=&#8221;off&#8221; button_letter_spacing__hover_enabled=&#8221;off&#8221; button_one_letter_spacing__hover_enabled=&#8221;off&#8221; button_two_letter_spacing__hover_enabled=&#8221;off&#8221; button_bg_color__hover_enabled=&#8221;off&#8221; button_one_bg_color__hover_enabled=&#8221;off&#8221; button_two_bg_color__hover_enabled=&#8221;off&#8221;] [\/et_pb_slide][\/et_pb_fullwidth_slider][\/et_pb_section][et_pb_section fb_built=&#8221;1&#8243; custom_padding_last_edited=&#8221;on|desktop&#8221; admin_label=&#8221;section&#8221; _builder_version=&#8221;4.16&#8243; background_color=&#8221;#ffffff&#8221; background_image=&#8221;https:\/\/www.itd-al.com\/wp-content\/uploads\/2016\/04\/bg-2.jpg&#8221; custom_padding_tablet=&#8221;50px|0|50px|0&#8243; transparent_background=&#8221;off&#8221; padding_mobile=&#8221;off&#8221; make_fullwidth=&#8221;off&#8221; use_custom_width=&#8221;off&#8221; width_unit=&#8221;on&#8221; global_colors_info=&#8221;{}&#8221; custom_padding_phone=&#8221;50px|0|50px|0&#8243;][et_pb_row admin_label=&#8221;row&#8221; _builder_version=&#8221;4.16&#8243; background_size=&#8221;initial&#8221; background_position=&#8221;top_left&#8221; background_repeat=&#8221;repeat&#8221; global_colors_info=&#8221;{}&#8221;][et_pb_column type=&#8221;4_4&#8243; _builder_version=&#8221;4.16&#8243; custom_padding=&#8221;|||&#8221; global_colors_info=&#8221;{}&#8221; custom_padding__hover=&#8221;|||&#8221;][et_pb_text admin_label=&#8221;Text&#8221; _builder_version=&#8221;4.16&#8243; text_font=&#8221;|||on|&#8221; text_text_color=&#8221;#1a2940&#8243; text_font_size=&#8221;30&#8243; background_size=&#8221;initial&#8221; background_position=&#8221;top_left&#8221; background_repeat=&#8221;repeat&#8221; text_orientation=&#8221;center&#8221; module_alignment=&#8221;center&#8221; custom_padding=&#8221;||50px|&#8221; use_border_color=&#8221;off&#8221; border_color=&#8221;#ffffff&#8221; border_style=&#8221;solid&#8221; global_colors_info=&#8221;{}&#8221;]Departamenti i burimeve njer\u00ebzore<br \/>\n[\/et_pb_text][et_pb_text admin_label=&#8221;Text&#8221; _builder_version=&#8221;4.16&#8243; text_text_color=&#8221;#1a2940&#8243; text_font_size=&#8221;16&#8243; background_size=&#8221;initial&#8221; background_position=&#8221;top_left&#8221; background_repeat=&#8221;repeat&#8221; use_border_color=&#8221;off&#8221; border_color=&#8221;#ffffff&#8221; border_style=&#8221;solid&#8221; global_colors_info=&#8221;{}&#8221;]Departamenti i\u00a0 Burimeve\u00a0 Njer\u00ebzore\u00a0luan\u00a0 nj\u00eb rol t\u00eb r\u00ebnd\u00ebsish\u00ebm n\u00eb funksionimin dhe veprimtarin\u00eb e p\u00ebrgjithshme t\u00eb Kompanis\u00eb.<br \/>\n[\/et_pb_text][et_pb_text admin_label=&#8221;Text&#8221; _builder_version=&#8221;4.16&#8243; text_text_color=&#8221;#1a2940&#8243; text_font_size=&#8221;16&#8243; background_size=&#8221;initial&#8221; background_position=&#8221;top_left&#8221; background_repeat=&#8221;repeat&#8221; custom_padding=&#8221;||30px|&#8221; use_border_color=&#8221;off&#8221; border_color=&#8221;#ffffff&#8221; border_style=&#8221;solid&#8221; global_colors_info=&#8221;{}&#8221;]Shtyllat kryesore n\u00eb t\u00eb cilat bazohet aktiviteti yn\u00eb jan\u00eb:<\/p>\n<ul>\n<li>Rekrutimi i nj\u00eb stafi sa m\u00eb profesional, ambicioz dhe t\u00eb kualifikuar, p\u00ebrmes zbatimit t\u00eb programeve efi\u00e7ent\u00eb.<\/li>\n<li>Trajnimi\u00a0 i vazhduesh\u00ebm i stafit me q\u00ebllim p\u00ebrmir\u00ebsimin e performanc\u00ebs, rritjen profesionale dhe ngjitjen e shkall\u00ebve t\u00eb karrier\u00ebs br\u00ebnda struktur\u00ebs s\u00eb Kompanis\u00eb.<\/li>\n<li>Vler\u00ebsimi i rregullt dhe i dokumentuar i pun\u00ebs s\u00eb\u00a0 secilit \u00a0punonj\u00ebs, n\u00eb funksion\u00a0 t\u00eb\u00a0 motivimit\u00a0 dhe\u00a0 p\u00ebrmbushjes s\u00eb detyrave konkrete t\u00eb postit t\u00eb pun\u00ebs.<\/li>\n<li>Motivimi i punonj\u00ebsve n\u00eb drejtim t\u00eb nxitjes s\u00eb aft\u00ebsive personale dhe rritjes s\u00eb efikasitetit n\u00eb pun\u00eb.<\/li>\n<\/ul>\n<p>[\/et_pb_text][\/et_pb_column][\/et_pb_row][et_pb_row admin_label=&#8221;Row&#8221; _builder_version=&#8221;4.16&#8243; background_size=&#8221;initial&#8221; background_position=&#8221;top_left&#8221; background_repeat=&#8221;repeat&#8221; global_colors_info=&#8221;{}&#8221; column_structure=&#8221;1_2,1_2&#8243;][et_pb_column type=&#8221;1_2&#8243; _builder_version=&#8221;4.16&#8243; custom_padding=&#8221;|||&#8221; global_colors_info=&#8221;{}&#8221; custom_padding__hover=&#8221;|||&#8221;][et_pb_cta button_url=&#8221;https:\/\/www.itd-al.com\/?page_id=11961&#8243; button_text=&#8221;APLIKO TANI!&#8221; admin_label=&#8221;Call To Action&#8221; _builder_version=&#8221;4.16&#8243; background_color=&#8221;rgba(255,255,255,0)&#8221; background_size=&#8221;initial&#8221; background_position=&#8221;top_left&#8221; background_repeat=&#8221;repeat&#8221; button_icon=&#8221;&#x39;||divi||400&#8243; button_icon_color=&#8221;rgba(0,0,0,0)&#8221; background_layout=&#8221;light&#8221; custom_margin=&#8221;-50px||-50px|&#8221; custom_padding=&#8221;-50px||-50px|50px&#8221; button_letter_spacing_hover=&#8221;0&#8243; use_border_color=&#8221;off&#8221; border_color=&#8221;#ffffff&#8221; border_style=&#8221;solid&#8221; global_colors_info=&#8221;{}&#8221; button_text_size__hover_enabled=&#8221;off&#8221; button_one_text_size__hover_enabled=&#8221;off&#8221; button_two_text_size__hover_enabled=&#8221;off&#8221; button_text_color__hover_enabled=&#8221;off&#8221; button_one_text_color__hover_enabled=&#8221;off&#8221; button_two_text_color__hover_enabled=&#8221;off&#8221; button_border_width__hover_enabled=&#8221;off&#8221; button_one_border_width__hover_enabled=&#8221;off&#8221; button_two_border_width__hover_enabled=&#8221;off&#8221; button_border_color__hover_enabled=&#8221;off&#8221; button_one_border_color__hover_enabled=&#8221;off&#8221; button_two_border_color__hover_enabled=&#8221;off&#8221; button_border_radius__hover_enabled=&#8221;off&#8221; button_one_border_radius__hover_enabled=&#8221;off&#8221; button_two_border_radius__hover_enabled=&#8221;off&#8221; button_letter_spacing__hover_enabled=&#8221;on&#8221; button_letter_spacing__hover=&#8221;0&#8243; button_one_letter_spacing__hover_enabled=&#8221;off&#8221; button_two_letter_spacing__hover_enabled=&#8221;off&#8221; button_bg_color__hover_enabled=&#8221;off&#8221; button_one_bg_color__hover_enabled=&#8221;off&#8221; button_two_bg_color__hover_enabled=&#8221;off&#8221;] [\/et_pb_cta][\/et_pb_column][et_pb_column type=&#8221;1_2&#8243; _builder_version=&#8221;4.16&#8243; custom_padding=&#8221;|||&#8221; global_colors_info=&#8221;{}&#8221; custom_padding__hover=&#8221;|||&#8221;][et_pb_cta button_url=&#8221;http:\/\/www2.infosoftgroup.com.al\/human-resources\/job-opportunities\/human-resources\/&#8221; button_text=&#8221;OFERTA PUNE&#8221; admin_label=&#8221;Call To Action&#8221; _builder_version=&#8221;4.16&#8243; background_color=&#8221;rgba(255,255,255,0)&#8221; background_size=&#8221;initial&#8221; background_position=&#8221;top_left&#8221; background_repeat=&#8221;repeat&#8221; button_icon=&#8221;&#x39;||divi||400&#8243; button_icon_color=&#8221;rgba(0,0,0,0)&#8221; background_layout=&#8221;light&#8221; custom_margin=&#8221;-50px||-50px|&#8221; custom_padding=&#8221;-50px||-50px|&#8221; button_letter_spacing_hover=&#8221;0&#8243; use_border_color=&#8221;off&#8221; border_color=&#8221;#ffffff&#8221; border_style=&#8221;solid&#8221; global_colors_info=&#8221;{}&#8221; button_text_size__hover_enabled=&#8221;off&#8221; button_one_text_size__hover_enabled=&#8221;off&#8221; button_two_text_size__hover_enabled=&#8221;off&#8221; button_text_color__hover_enabled=&#8221;off&#8221; button_one_text_color__hover_enabled=&#8221;off&#8221; button_two_text_color__hover_enabled=&#8221;off&#8221; button_border_width__hover_enabled=&#8221;off&#8221; button_one_border_width__hover_enabled=&#8221;off&#8221; button_two_border_width__hover_enabled=&#8221;off&#8221; button_border_color__hover_enabled=&#8221;off&#8221; button_one_border_color__hover_enabled=&#8221;off&#8221; button_two_border_color__hover_enabled=&#8221;off&#8221; button_border_radius__hover_enabled=&#8221;off&#8221; button_one_border_radius__hover_enabled=&#8221;off&#8221; button_two_border_radius__hover_enabled=&#8221;off&#8221; button_letter_spacing__hover_enabled=&#8221;on&#8221; button_letter_spacing__hover=&#8221;0&#8243; button_one_letter_spacing__hover_enabled=&#8221;off&#8221; button_two_letter_spacing__hover_enabled=&#8221;off&#8221; button_bg_color__hover_enabled=&#8221;off&#8221; button_one_bg_color__hover_enabled=&#8221;off&#8221; button_two_bg_color__hover_enabled=&#8221;off&#8221; disabled_on=&#8221;on|on|on&#8221; disabled=&#8221;on&#8221;] [\/et_pb_cta][\/et_pb_column][\/et_pb_row][\/et_pb_section]<\/p>\n","protected":false},"excerpt":{"rendered":"<p>Departamenti i burimeve njer\u00ebzore Departamenti i\u00a0 Burimeve\u00a0 Njer\u00ebzore\u00a0luan\u00a0 nj\u00eb rol t\u00eb r\u00ebnd\u00ebsish\u00ebm n\u00eb funksionimin dhe veprimtarin\u00eb e p\u00ebrgjithshme t\u00eb Kompanis\u00eb. Shtyllat kryesore n\u00eb t\u00eb cilat bazohet aktiviteti yn\u00eb jan\u00eb: Rekrutimi i nj\u00eb stafi sa m\u00eb profesional, ambicioz dhe t\u00eb kualifikuar, p\u00ebrmes zbatimit t\u00eb programeve efi\u00e7ent\u00eb. Trajnimi\u00a0 i vazhduesh\u00ebm i stafit me q\u00ebllim p\u00ebrmir\u00ebsimin e performanc\u00ebs, [&hellip;]<\/p>\n","protected":false},"author":2,"featured_media":0,"parent":0,"menu_order":0,"comment_status":"closed","ping_status":"closed","template":"","meta":{"_et_pb_use_builder":"on","_et_pb_old_content":"","_et_gb_content_width":"","footnotes":""},"class_list":["post-11934","page","type-page","status-publish","hentry"],"jetpack_sharing_enabled":true,"jetpack_shortlink":"https:\/\/wp.me\/P7QGAO-36u","jetpack-related-posts":[],"_links":{"self":[{"href":"https:\/\/www.itd-al.com\/index.php?rest_route=\/wp\/v2\/pages\/11934","targetHints":{"allow":["GET"]}}],"collection":[{"href":"https:\/\/www.itd-al.com\/index.php?rest_route=\/wp\/v2\/pages"}],"about":[{"href":"https:\/\/www.itd-al.com\/index.php?rest_route=\/wp\/v2\/types\/page"}],"author":[{"embeddable":true,"href":"https:\/\/www.itd-al.com\/index.php?rest_route=\/wp\/v2\/users\/2"}],"replies":[{"embeddable":true,"href":"https:\/\/www.itd-al.com\/index.php?rest_route=%2Fwp%2Fv2%2Fcomments&post=11934"}],"version-history":[{"count":5,"href":"https:\/\/www.itd-al.com\/index.php?rest_route=\/wp\/v2\/pages\/11934\/revisions"}],"predecessor-version":[{"id":15336,"href":"https:\/\/www.itd-al.com\/index.php?rest_route=\/wp\/v2\/pages\/11934\/revisions\/15336"}],"wp:attachment":[{"href":"https:\/\/www.itd-al.com\/index.php?rest_route=%2Fwp%2Fv2%2Fmedia&parent=11934"}],"curies":[{"name":"wp","href":"https:\/\/api.w.org\/{rel}","templated":true}]}}