{"id":11827,"date":"2016-05-17T09:02:05","date_gmt":"2016-05-17T09:02:05","guid":{"rendered":"http:\/\/www.itd-al.com\/oferta-2\/"},"modified":"2023-12-20T15:26:42","modified_gmt":"2023-12-20T15:26:42","slug":"oferta-2","status":"publish","type":"page","link":"https:\/\/www.itd-al.com\/?page_id=11827","title":{"rendered":"Njoftime"},"content":{"rendered":"<p>[et_pb_section admin_label=&#8221;Section&#8221; fullwidth=&#8221;on&#8221; specialty=&#8221;off&#8221; transparent_background=&#8221;off&#8221; background_color=&#8221;#ffffff&#8221; allow_player_pause=&#8221;off&#8221; inner_shadow=&#8221;off&#8221; parallax=&#8221;off&#8221; parallax_method=&#8221;off&#8221; padding_mobile=&#8221;off&#8221; disabled=&#8221;on&#8221; disabled_on=&#8221;on|on|on&#8221; make_fullwidth=&#8221;off&#8221; use_custom_width=&#8221;off&#8221; width_unit=&#8221;on&#8221; make_equal=&#8221;off&#8221; use_custom_gutter=&#8221;off&#8221;][et_pb_fullwidth_slider admin_label=&#8221;Fullwidth Slider&#8221; show_arrows=&#8221;on&#8221; show_pagination=&#8221;on&#8221; auto=&#8221;off&#8221; auto_ignore_hover=&#8221;off&#8221; parallax=&#8221;off&#8221; parallax_method=&#8221;off&#8221; remove_inner_shadow=&#8221;off&#8221; background_position=&#8221;default&#8221; background_size=&#8221;default&#8221; hide_content_on_mobile=&#8221;off&#8221; hide_cta_on_mobile=&#8221;off&#8221; show_image_video_mobile=&#8221;off&#8221; custom_button=&#8221;off&#8221; button_letter_spacing=&#8221;0&#8243; button_use_icon=&#8221;default&#8221; button_icon_placement=&#8221;right&#8221; button_on_hover=&#8221;on&#8221; button_letter_spacing_hover=&#8221;0&#8243;] [et_pb_slide background_image=&#8221;https:\/\/www.itd-al.com\/wp-content\/uploads\/2016\/05\/degital_banner.jpg&#8221; background_position=&#8221;default&#8221; background_size=&#8221;default&#8221; background_color=&#8221;#ffffff&#8221; use_bg_overlay=&#8221;off&#8221; bg_overlay_color=&#8221;rgba(58,58,58,0.9)&#8221; use_text_overlay=&#8221;on&#8221; text_overlay_color=&#8221;rgba(84,84,84,0.54)&#8221; alignment=&#8221;center&#8221; background_layout=&#8221;dark&#8221; allow_player_pause=&#8221;off&#8221; text_border_radius=&#8221;3&#8243; header_font_select=&#8221;default&#8221; header_font=&#8221;||||&#8221; body_font_select=&#8221;default&#8221; body_font=&#8221;||||&#8221; custom_button=&#8221;off&#8221; button_font_select=&#8221;default&#8221; button_font=&#8221;||||&#8221; button_use_icon=&#8221;default&#8221; button_icon_placement=&#8221;right&#8221; button_on_hover=&#8221;on&#8221; body_font_size=&#8221;42&#8243; body_font_size_tablet=&#8221;42&#8243; body_font_size_phone=&#8221;42&#8243; header_font_size=&#8221;39&#8243; header_font_size_tablet=&#8221;39&#8243; header_font_size_phone=&#8221;39&#8243;]<\/p>\n<p style=\"text-align: center;\">Njoftime<\/p>\n<p>[\/et_pb_slide] [\/et_pb_fullwidth_slider][et_pb_fullwidth_slider admin_label=&#8221;Fullwidth Slider&#8221; show_arrows=&#8221;on&#8221; show_pagination=&#8221;on&#8221; auto=&#8221;off&#8221; auto_ignore_hover=&#8221;off&#8221; parallax=&#8221;off&#8221; parallax_method=&#8221;off&#8221; remove_inner_shadow=&#8221;off&#8221; background_position=&#8221;default&#8221; background_size=&#8221;default&#8221; hide_content_on_mobile=&#8221;off&#8221; hide_cta_on_mobile=&#8221;off&#8221; show_image_video_mobile=&#8221;off&#8221; custom_button=&#8221;off&#8221; button_letter_spacing=&#8221;0&#8243; button_use_icon=&#8221;default&#8221; button_icon_placement=&#8221;right&#8221; button_on_hover=&#8221;on&#8221; button_letter_spacing_hover=&#8221;0&#8243;] [et_pb_slide background_position=&#8221;default&#8221; background_size=&#8221;default&#8221; background_color=&#8221;#ffffff&#8221; use_bg_overlay=&#8221;off&#8221; use_text_overlay=&#8221;on&#8221; text_overlay_color=&#8221;rgba(158,158,158,0.17)&#8221; alignment=&#8221;center&#8221; background_layout=&#8221;light&#8221; allow_player_pause=&#8221;off&#8221; text_border_radius=&#8221;3&#8243; header_font_select=&#8221;default&#8221; header_font=&#8221;||||&#8221; body_font_select=&#8221;default&#8221; body_font=&#8221;||||&#8221; custom_button=&#8221;off&#8221; button_font_select=&#8221;default&#8221; button_font=&#8221;||||&#8221; button_use_icon=&#8221;default&#8221; button_icon_placement=&#8221;right&#8221; button_on_hover=&#8221;on&#8221; body_font_size=&#8221;20&#8243; body_font_size_tablet=&#8221;20&#8243; body_font_size_phone=&#8221;20&#8243;]<\/p>\n<p dir=\"auto\">ITD do te zhvilloj prezantimin e produkteve DLink Smart Home m\u00eb dat\u00eb 27 Maj 2016, ora 11:00 \u2013 12:00, pran\u00eb zyrave t\u00eb ITD (Rr. Murat Toptani, Gjergji Center, Kati 4).<\/p>\n<p dir=\"auto\">Bashkohuni me ne dhe informohuni m\u00eb shum\u00eb rreth produkteve \u2018t\u00eb zgjuara\u2019 DLink Home.<\/p>\n<p>[\/et_pb_slide] [\/et_pb_fullwidth_slider][\/et_pb_section][et_pb_section admin_label=&#8221;Section&#8221; fullwidth=&#8221;on&#8221; specialty=&#8221;off&#8221; disabled_on=&#8221;off|off|off&#8221; disabled=&#8221;off&#8221;][et_pb_fullwidth_slider admin_label=&#8221;Fullwidth Slider&#8221; show_arrows=&#8221;on&#8221; show_pagination=&#8221;on&#8221; auto=&#8221;off&#8221; auto_ignore_hover=&#8221;off&#8221; parallax=&#8221;off&#8221; parallax_method=&#8221;off&#8221; remove_inner_shadow=&#8221;off&#8221; background_position=&#8221;default&#8221; background_size=&#8221;default&#8221; hide_content_on_mobile=&#8221;off&#8221; hide_cta_on_mobile=&#8221;off&#8221; show_image_video_mobile=&#8221;off&#8221; custom_button=&#8221;off&#8221; button_letter_spacing=&#8221;0&#8243; button_use_icon=&#8221;default&#8221; button_icon_placement=&#8221;right&#8221; button_on_hover=&#8221;on&#8221; button_letter_spacing_hover=&#8221;0&#8243;] [et_pb_slide heading=&#8221;Njoftime&#8221; background_image=&#8221;https:\/\/www.itd-al.com\/wp-content\/uploads\/2016\/05\/njoftime-pa-fotoshop.jpg&#8221; background_position=&#8221;default&#8221; background_size=&#8221;default&#8221; background_color=&#8221;#ffffff&#8221; use_bg_overlay=&#8221;off&#8221; use_text_overlay=&#8221;on&#8221; text_overlay_color=&#8221;rgba(30,115,190,0.21)&#8221; alignment=&#8221;center&#8221; background_layout=&#8221;dark&#8221; allow_player_pause=&#8221;off&#8221; text_border_radius=&#8221;3&#8243; header_font_select=&#8221;default&#8221; header_font=&#8221;||||&#8221; header_font_size=&#8221;54&#8243; header_font_size_tablet=&#8221;54&#8243; header_font_size_phone=&#8221;18&#8243; header_text_color=&#8221;#ffffff&#8221; body_font_select=&#8221;default&#8221; body_font=&#8221;||||&#8221; custom_button=&#8221;off&#8221; button_font_select=&#8221;default&#8221; button_font=&#8221;||||&#8221; button_use_icon=&#8221;default&#8221; button_icon_placement=&#8221;right&#8221; button_on_hover=&#8221;on&#8221; header_font_size_last_edited=&#8221;on|phone&#8221;] [\/et_pb_slide] [\/et_pb_fullwidth_slider][et_pb_fullwidth_image admin_label=&#8221;Fullwidth Image&#8221; src=&#8221;https:\/\/www.itd-al.com\/wp-content\/uploads\/2016\/04\/line.jpg&#8221; show_in_lightbox=&#8221;off&#8221; url_new_window=&#8221;off&#8221; use_overlay=&#8221;off&#8221; animation=&#8221;left&#8221; use_border_color=&#8221;off&#8221; border_color=&#8221;#ffffff&#8221; border_style=&#8221;solid&#8221;] [\/et_pb_fullwidth_image][\/et_pb_section][et_pb_section admin_label=&#8221;section&#8221;][et_pb_row admin_label=&#8221;row&#8221; make_fullwidth=&#8221;off&#8221; use_custom_width=&#8221;off&#8221; width_unit=&#8221;on&#8221; use_custom_gutter=&#8221;off&#8221; custom_padding=&#8221;||50px|&#8221; padding_mobile=&#8221;off&#8221; allow_player_pause=&#8221;off&#8221; parallax=&#8221;off&#8221; parallax_method=&#8221;off&#8221; make_equal=&#8221;off&#8221; parallax_1=&#8221;off&#8221; parallax_method_1=&#8221;off&#8221; column_padding_mobile=&#8221;on&#8221; disabled=&#8221;on&#8221; disabled_on=&#8221;on|on|on&#8221;][et_pb_column type=&#8221;4_4&#8243;][et_pb_text admin_label=&#8221;Text&#8221; background_layout=&#8221;light&#8221; text_orientation=&#8221;center&#8221; text_font_size=&#8221;18&#8243; text_text_color=&#8221;#1a2940&#8243; use_border_color=&#8221;off&#8221; border_color=&#8221;#ffffff&#8221; border_style=&#8221;solid&#8221; text_font=&#8221;|||on|&#8221;]<\/p>\n<p>NJOFTIME<\/p>\n<p>[\/et_pb_text][et_pb_text admin_label=&#8221;Text&#8221; background_layout=&#8221;light&#8221; text_orientation=&#8221;justified&#8221; text_font_size=&#8221;16&#8243; text_text_color=&#8221;#1a2940&#8243; use_border_color=&#8221;off&#8221; border_color=&#8221;#ffffff&#8221; border_style=&#8221;solid&#8221;]<\/p>\n<p>ITD Distribution n\u00ebnshkruan marr\u00ebveshjen e distribucionit me Fortinet<\/p>\n<p>ITD Distribution, lider n\u00eb distribucionin e produkteve dhe sh\u00ebrbimeve t\u00eb IT-s\u00eb n\u00eb rajonin MAK, njoftoi sot n\u00ebnshkrimin e marr\u00ebveshjes s\u00eb bashk\u00ebpunimit me Fortinet, lideri global i siguris\u00eb kibernetike q\u00eb nxit konvergjenc\u00ebn e rrjeteve dhe siguris\u00eb p\u00ebr tregjet e Maqedonis\u00eb s\u00eb Veriut, Shqip\u00ebris\u00eb dhe Kosov\u00ebs.<\/p>\n<p>ITD Distribution tani ka mund\u00ebsin\u00eb t\u00eb ofroj\u00eb t\u00eb gjith\u00eb portofolin e produkteve t\u00eb siguris\u00eb kibernetike dhe networking nga Fortinet n\u00eb rajonin e MAK. Ky portofol i gjer\u00eb i zgjidhjeve t\u00eb siguris\u00eb kibernetike \u00ebsht\u00eb nd\u00ebrtuar duke pasur parasysh integrimin dhe automatizimin, duke mund\u00ebsuar operacione m\u00eb efikase, vet\u00eb-optimizuese dhe nj\u00eb p\u00ebrgjigje t\u00eb shpejt\u00eb ndaj k\u00ebrc\u00ebnimeve t\u00eb njohura dhe t\u00eb panjohura kibernetike.<\/p>\n<p>Ky partneritet forcon pranin\u00eb e Fortinet n\u00eb rajonin e MAK p\u00ebrmes bashk\u00ebpunimit me ITD Distribution, e njohur p\u00ebr ekspertiz\u00ebn e saj t\u00eb gjat\u00eb dhe performanc\u00ebn e lart\u00eb n\u00eb Rajonin e Evrop\u00ebs Lindore.<\/p>\n<p>Elio Gabi, p\u00ebrgjegj\u00ebs i Departamentit Enterprise n\u00eb ITD Distribution thot\u00eb: \u201cNe jemi t\u00eb bindur se ITD Distribution ka aft\u00ebsit\u00eb e duhura p\u00ebr t\u00eb ofruar rritje t\u00eb konsiderueshme nga viti n\u00eb vit dhe ne shikojm\u00eb mund\u00ebsin\u00eb e zgjerimit t\u00eb pjes\u00ebs ton\u00eb t\u00eb tregut n\u00eb rajonin e MAK, duke ofruar portofolin e Fortinet. N\u00ebp\u00ebrmjet k\u00ebtij partneriteti, ne luajm\u00eb nj\u00eb rol kritik p\u00ebr t\u00eb ndihmuar partner\u00ebt tan\u00eb q\u00eb t\u00eb p\u00ebrshpejtojn\u00eb n\u00eb m\u00ebnyr\u00eb t\u00eb sigurt transformimin dhe zhvillimin dixhital t\u00eb klient\u00ebve t\u00eb tyre duke siguruar p\u00ebrdoruesit, aplikacionet dhe pajisjet fundore kudo.\u201d<\/p>\n<p>Adrian Danciu, Drejtor i Lart\u00eb Rajonal i Fortinet p\u00ebr Evrop\u00ebn Juglindore, shton: \u201cKemi k\u00ebnaq\u00ebsin\u00eb t\u00eb shpallim partneritetin ton\u00eb me ITD Distribution, i cili \u00ebsht\u00eb p\u00ebrzgjedhur si distributor i Fortinet p\u00ebr Maqedonin\u00eb e Veriut, Shqip\u00ebrin\u00eb dhe Kosov\u00ebn. P\u00ebrvoja e tyre e gjat\u00eb, ekspertiza dhe aft\u00ebsia p\u00ebr t&#8217;iu drejtuar k\u00ebtyre tregjeve, do ta ndihmojn\u00eb Fortinet t\u00eb mb\u00ebshtes\u00eb klient\u00ebt n\u00eb rajonin e Adriatikut, n\u00eb arritjen e sigurt t\u00eb objektivave t\u00eb tyre t\u00eb transformimit dixhital.<\/p>\n<p>[\/et_pb_text][et_pb_image admin_label=&#8221;Image&#8221; src=&#8221;https:\/\/www.itd-al.com\/wp-content\/uploads\/2016\/05\/njoftime.jpg&#8221; show_in_lightbox=&#8221;on&#8221; url_new_window=&#8221;off&#8221; use_overlay=&#8221;off&#8221; animation=&#8221;top&#8221; sticky=&#8221;off&#8221; align=&#8221;center&#8221; force_fullwidth=&#8221;off&#8221; always_center_on_mobile=&#8221;on&#8221; use_border_color=&#8221;off&#8221; border_color=&#8221;#ffffff&#8221; border_style=&#8221;solid&#8221; disabled_on=&#8221;on|on|on&#8221; disabled=&#8221;on&#8221;] [\/et_pb_image][\/et_pb_column][\/et_pb_row][et_pb_row admin_label=&#8221;Row&#8221;][et_pb_column type=&#8221;4_4&#8243;][et_pb_image admin_label=&#8221;Image&#8221; src=&#8221;https:\/\/www.itd-al.com\/wp-content\/uploads\/2016\/05\/HP_Q1-24-IMDF-Landing-ITD-AL.jpg&#8221; show_in_lightbox=&#8221;off&#8221; url_new_window=&#8221;off&#8221; use_overlay=&#8221;off&#8221; animation=&#8221;off&#8221; sticky=&#8221;off&#8221; align=&#8221;left&#8221; force_fullwidth=&#8221;off&#8221; always_center_on_mobile=&#8221;on&#8221; use_border_color=&#8221;off&#8221; border_color=&#8221;#ffffff&#8221; border_style=&#8221;solid&#8221; hover_icon=&#8221;%%51%%&#8221;] [\/et_pb_image][\/et_pb_column][\/et_pb_row][\/et_pb_section]<\/p>\n","protected":false},"excerpt":{"rendered":"<p>Njoftime ITD do te zhvilloj prezantimin e produkteve DLink Smart Home m\u00eb dat\u00eb 27 Maj 2016, ora 11:00 \u2013 12:00, pran\u00eb zyrave t\u00eb ITD (Rr. Murat Toptani, Gjergji Center, Kati 4). Bashkohuni me ne dhe informohuni m\u00eb shum\u00eb rreth produkteve \u2018t\u00eb zgjuara\u2019 DLink Home. NJOFTIME ITD Distribution n\u00ebnshkruan marr\u00ebveshjen e distribucionit me Fortinet ITD Distribution, [&hellip;]<\/p>\n","protected":false},"author":2,"featured_media":0,"parent":0,"menu_order":0,"comment_status":"closed","ping_status":"closed","template":"","meta":{"_et_pb_use_builder":"on","_et_pb_old_content":"","_et_gb_content_width":"","footnotes":""},"class_list":["post-11827","page","type-page","status-publish","hentry"],"jetpack_sharing_enabled":true,"jetpack_shortlink":"https:\/\/wp.me\/P7QGAO-34L","jetpack-related-posts":[],"_links":{"self":[{"href":"https:\/\/www.itd-al.com\/index.php?rest_route=\/wp\/v2\/pages\/11827","targetHints":{"allow":["GET"]}}],"collection":[{"href":"https:\/\/www.itd-al.com\/index.php?rest_route=\/wp\/v2\/pages"}],"about":[{"href":"https:\/\/www.itd-al.com\/index.php?rest_route=\/wp\/v2\/types\/page"}],"author":[{"embeddable":true,"href":"https:\/\/www.itd-al.com\/index.php?rest_route=\/wp\/v2\/users\/2"}],"replies":[{"embeddable":true,"href":"https:\/\/www.itd-al.com\/index.php?rest_route=%2Fwp%2Fv2%2Fcomments&post=11827"}],"version-history":[{"count":148,"href":"https:\/\/www.itd-al.com\/index.php?rest_route=\/wp\/v2\/pages\/11827\/revisions"}],"predecessor-version":[{"id":14717,"href":"https:\/\/www.itd-al.com\/index.php?rest_route=\/wp\/v2\/pages\/11827\/revisions\/14717"}],"wp:attachment":[{"href":"https:\/\/www.itd-al.com\/index.php?rest_route=%2Fwp%2Fv2%2Fmedia&parent=11827"}],"curies":[{"name":"wp","href":"https:\/\/api.w.org\/{rel}","templated":true}]}}